{"id":10537,"date":"2024-01-30T11:47:21","date_gmt":"2024-01-30T11:47:21","guid":{"rendered":"https:\/\/fevas.org\/aviso-legal-2\/"},"modified":"2025-12-09T11:44:59","modified_gmt":"2025-12-09T11:44:59","slug":"legala","status":"publish","type":"page","link":"https:\/\/fevas.org\/eu\/legala\/","title":{"rendered":"Aviso Legal"},"content":{"rendered":"<!-- RS_MODULE_CODE_2.5.0 --><div id=\"readspeaker_button10537\" class=\"rs_skip rsbtn rs_preserve\"><a class=\"rsbtn_play\" title=\"Escucha esta p&aacute;gina utilizando ReadSpeaker\" accesskey=\"L\" href=\"https:\/\/app-eu.readspeaker.com\/cgi-bin\/rsent?customerid=8933&amp;lang=es_es&amp;readid=rspeak_read_10537&amp;url=https%3A%2F%2Ffevas.org%2Feu%2Fwp-json%2Fwp%2Fv2%2Fpages%2F10537\"><span class=\"rsbtn_left rsimg rspart\"><span class=\"rsbtn_text\"><span>Escuchar<\/span><\/span><\/span><span class=\"rsbtn_right rsimg rsplay rspart\"><\/span><\/a><\/div><div id=\"rspeak_read_10537\">\t\t<div data-elementor-type=\"wp-page\" data-elementor-id=\"10537\" class=\"elementor elementor-10537 elementor-10528\" data-elementor-post-type=\"page\">\n\t\t\t\t<div class=\"elementor-element elementor-element-8fb111c e-flex e-con-boxed e-con e-parent\" data-id=\"8fb111c\" data-element_type=\"container\" data-settings=\"{&quot;content_width&quot;:&quot;boxed&quot;}\" data-core-v316-plus=\"true\">\n\t\t\t\t\t<div class=\"e-con-inner\">\n\t\t\t\t<div class=\"elementor-element elementor-element-c732e59 elementor-widget elementor-widget-text-editor\" data-id=\"c732e59\" data-element_type=\"widget\" data-widget_type=\"text-editor.default\">\n\t\t\t\t<div class=\"elementor-widget-container\">\n\t\t\t<style>\/*! elementor - v3.19.0 - 29-01-2024 *\/\n.elementor-widget-text-editor.elementor-drop-cap-view-stacked .elementor-drop-cap{background-color:#69727d;color:#fff}.elementor-widget-text-editor.elementor-drop-cap-view-framed .elementor-drop-cap{color:#69727d;border:3px solid;background-color:transparent}.elementor-widget-text-editor:not(.elementor-drop-cap-view-default) .elementor-drop-cap{margin-top:8px}.elementor-widget-text-editor:not(.elementor-drop-cap-view-default) .elementor-drop-cap-letter{width:1em;height:1em}.elementor-widget-text-editor .elementor-drop-cap{float:left;text-align:center;line-height:1;font-size:50px}.elementor-widget-text-editor .elementor-drop-cap-letter{display:inline-block}<\/style>\t\t\t\t<p>De acuerdo con el art\u00edculo 10 de la Ley 34\/2002, de 11 de julio, de Servicios de la Sociedad de la Informaci\u00f3n y de Comercio Electr\u00f3nico ponemos a su disposici\u00f3n los siguientes datos:<\/p><p>FEVAS PLENA INCLUSI\u00d3N EUSKADI est\u00e1 domiciliada en la calle\u00a0Col\u00f3n de Larreategui, 26 Bajo C \u2013 48009 Bilbao, Telf. 944 211 476 con CIF G01020031, mail\u00a0<a href=\"https:\/\/fevas.org\/eu\/fevas@fevas.org\">rgpd@fevas.org<\/a><\/p><p>En la web\u00a0hay una serie de contenidos de car\u00e1cter informativo sobre las personas con discapacidad intelectual o del desarrollo\u00a0con unos objetivos claros: por una parte, mejorar los apoyos y las oportunidades de las personas con discapacidad intelectual o del desarrollo y las de sus familias y, por otra,\u00a0 conseguir una sociedad m\u00e1s\u00a0 inclusiva, justa y solidaria en la que todas las personas puedan desarrollar sus proyectos de calidad de vida.<\/p><p>El acceso supone la aceptaci\u00f3n expresa del Usuario a las presentes Condiciones Generales de Uso, que podr\u00e1n ser modificadas o sustituidas por su titular en cualquier momento y sin previo aviso.<\/p><p><span style=\"font-size: 18px;\"><strong>Condiciones Generales de Uso.<\/strong><\/span><\/p><p>Las siguientes Condiciones Generales regulan el uso y acceso al portal Web, ofreciendo a los usuarios informaci\u00f3n, servicios y contenidos v\u00eda Web. A trav\u00e9s de la p\u00e1gina web, el Usuario tiene acceso a informaci\u00f3n sobre las personas con discapacidad intelectual o del desarrollo.<\/p><p>El Usuario se compromete a hacer un uso adecuado de los contenidos que est\u00e1n accesibles, con sujeci\u00f3n a la Ley y a las presentes Condiciones Generales de Uso y, en su caso a las Condiciones Particulares que puedan establecerse para el acceso a determinados servicios y aplicaciones, respetando en todo momento a los dem\u00e1s Usuarios de la misma.<\/p><p>En caso de incumplimiento total o parcial por el Usuario de las presentes condiciones Generales de Uso, FEVAS\u00a0PLENA INCLUSI\u00d3N EUSKADI se reserva el derecho de denegar el acceso a sin necesidad de previo aviso al Usuario.<\/p><p><span style=\"font-size: 18px;\"><strong>Obligaciones Generales del Usuario.<\/strong><\/span><\/p><p>El Usuario, al aceptar las presentes condiciones Generales de Uso, se obliga expresamente a:<\/p><ul><li><span style=\"color: #000000;\">No realizar ninguna acci\u00f3n destinada perjudicar, bloquear, da\u00f1ar, inutilizar, sobrecargar, de forma temporal o definitiva, las funcionalidades, herramientas, contenidos y\/o la infraestructura de la p\u00e1gina web, de manera que impida su normal utilizaci\u00f3n.<\/span><\/li><li><span style=\"color: #000000;\">Custodiar y mantener la confidencialidad de las claves de acceso asociadas a su nombre de Usuario, siendo responsable de la utilizaci\u00f3n de dichas claves de acceso personales e intransferibles por parte de terceros.<\/span><\/li><li><span style=\"color: #000000;\">No introducir ni realizar contenidos injuriosos o calumniosos, tanto de otros Usuarios como de terceras empresas ajenas a FEVAS PLENA INCLUSI\u00d3N EUSKADI.<\/span><\/li><li><span style=\"color: #000000;\">No utilizar cualquiera de los materiales e informaciones contenidos en este Sitio Web con fines il\u00edcitos y expresamente prohibidos en las presentes Condiciones Generales de Uso, as\u00ed como a las condiciones particulares que, en su caso, se establezcan para determinadas aplicaciones y\/o utilidades y que resulten contrarios a los derechos e intereses de FEVAS PLENA INCLUSI\u00d3N EUSKADI, sus usuarios y\/o terceros.<\/span><\/li><\/ul><p>El Usuario responder\u00e1 de los todos los da\u00f1os y perjuicios de toda naturaleza que\u00a0 FEVAS PLENA INCLUSI\u00d3N EUSKADI o cualquier tercero pueda sufrir como consecuencia del incumplimiento de cualesquiera de las obligaciones a las que queda sometido por virtud de estas \u201cCondiciones Generales de Uso\u201d o de la ley en relaci\u00f3n con el acceso y\/o utilizaci\u00f3n de la p\u00e1gina.<\/p><p><span style=\"font-size: 18px;\"><strong>Propiedad Intelectual e Industrial.<\/strong><\/span><\/p><p>El sitio web, las p\u00e1ginas que comprende y la informaci\u00f3n o elementos contenidos en las mismas (incluyendo textos, documentos, fotograf\u00edas, dibujos, representaciones gr\u00e1ficas, entre otros), as\u00ed como logotipos, marcas, nombres comerciales u otros signos distintivos, se encuentran protegidos por derechos de propiedad intelectual o industrial, de los que\u00a0 FEVAS PLENA INCLUSI\u00d3N EUSKADI es titular u ostenta autorizaci\u00f3n para su utilizaci\u00f3n y comunicaci\u00f3n p\u00fablica de los leg\u00edtimos titulares de las mismas.<\/p><p>El Usuario se obliga a usar los contenidos de forma diligente y correcta, de acuerdo a la ley, la moral y el orden p\u00fablico. FEVAS PLENA INCLUSI\u00d3N EUSKADI autoriza al Usuario para visualizar la informaci\u00f3n que se contiene en este sitio web, as\u00ed como para efectuar reproducciones privadas (simple actividad de descarga y almacenamiento en sus sistemas inform\u00e1ticos), siempre y cuando los elementos sean destinados \u00fanicamente al uso personal. En ning\u00fan caso, ello significar\u00e1 una autorizaci\u00f3n o licencia sobre los derechos de propiedad de\u00a0 FEVAS PLENA INCLUSI\u00d3N EUSKADI o de los leg\u00edtimos titulares de las mismas.<\/p><p>El Usuario no est\u00e1 autorizado para proceder a la distribuci\u00f3n, modificaci\u00f3n, cesi\u00f3n o comunicaci\u00f3n p\u00fablica de la informaci\u00f3n contenida en esta Web en cualquier forma y cualquiera que sea su finalidad.<\/p><p><span style=\"font-size: 18px;\"><strong>Enlaces.<\/strong><\/span><\/p><p>Las conexiones y enlaces a sitios o p\u00e1ginas Web de terceros se han establecido \u00fanicamente como una utilidad para el Usuario. FEVAS PLENA INCLUSI\u00d3N EUSKADI no es, en ning\u00fan caso, responsable de las mismas o de su contenido.<\/p><p>FEVAS PLENA INCLUSI\u00d3N EUSKADI no asume ninguna responsabilidad derivada de la existencia de enlaces entre los contenidos de este sitio y contenidos situados fuera del mismo o de cualquier otra menci\u00f3n de contenidos externos a este sitio.<\/p><p>Tales enlaces o menciones tienen una finalidad exclusivamente informativa y, en ning\u00fan caso, implican el apoyo, aprobaci\u00f3n o relaci\u00f3n alguna entre FEVAS PLENA INCLUSI\u00d3N EUSKADI y las personas o entidades autoras y\/o gestoras de tales contenidos o titulares de los sitios donde se encuentren.<\/p><p>Para realizar enlaces con la p\u00e1gina Web ser\u00e1 necesaria la autorizaci\u00f3n expresa y por escrito de los titulares del portal.<\/p><p><span style=\"font-size: 18px;\"><strong>Responsabilidad.<\/strong><\/span><\/p><p>FEVAS PLENA INCLUSI\u00d3N EUSKADI \u00a0no se hace responsable de la informaci\u00f3n y contenidos almacenados en foros, redes sociales o cualesquier otro medio\u00a0que permita a terceros publicar contenidos de forma independiente en la p\u00e1gina web del prestador.<\/p><p>Sin embargo, teniendo en cuenta los art. 11 y 16 de la LSSI-CE,\u00a0FEVAS\u00a0se compromete a la retirada o en su caso bloqueo de aquellos contenidos que pudieran afectar o contravenir la legislaci\u00f3n nacional o internacional, derechos de terceros o la moral y el orden p\u00fablico.<\/p><p>Tampoco la empresa se responsabilizar\u00e1 de los da\u00f1os y perjuicios que se produzcan por fallos o malas configuraciones del software instalado en el ordenador del internauta.\u00a0Se excluye toda responsabilidad por alguna incidencia t\u00e9cnica o fallo que se produzca cuando el usuario se conecte a internet. Igualmente no se garantiza la inexistencia de interrupciones o errores en el acceso al sitio web.<\/p><p>As\u00ed mismo,\u00a0 FEVAS PLENA INCLUSI\u00d3N EUSKADI se reserva el derecho a actualizar, modificar o eliminar la informaci\u00f3n contenida en su p\u00e1gina web, as\u00ed como la configuraci\u00f3n o presentaci\u00f3n del mismo, en cualquier momento sin asumir alguna responsabilidad por ello.<\/p><p><span style=\"font-size: 18px;\"><strong>Ley aplicable y jurisdicci\u00f3n<\/strong><\/span><\/p><p>Las presentes condiciones generales se rigen por la legislaci\u00f3n espa\u00f1ola.\u00a0Para cualquier litigio que pudiera surgir relacionado con el sitio web o la actividad que en \u00e9l se desarrolla ser\u00e1n competentes Juzgados de\u00a0Bilbao renunciando expresamente el usuario a cualquier otro fuero que pudiera corresponderle.<\/p>\t\t\t\t\t\t<\/div>\n\t\t\t\t<\/div>\n\t\t\t\t\t<\/div>\n\t\t\t\t<\/div>\n\t\t\t\t<\/div>\n\t\t<\/div>","protected":false},"excerpt":{"rendered":"<p><!-- RS_MODULE_CODE_2.5.0 --><\/p>\n<div id=\"readspeaker_button10537\" class=\"rs_skip rsbtn rs_preserve\"><a class=\"rsbtn_play\" title=\"Escucha esta p&aacute;gina utilizando ReadSpeaker\" accesskey=\"L\" href=\"https:\/\/app-eu.readspeaker.com\/cgi-bin\/rsent?customerid=8933&amp;lang=es_es&amp;readid=rspeak_read_10537&amp;url=https%3A%2F%2Ffevas.org%2Feu%2Fwp-json%2Fwp%2Fv2%2Fpages%2F10537\"><span class=\"rsbtn_left rsimg rspart\"><span class=\"rsbtn_text\"><span>Escuchar<\/span><\/span><\/span><span class=\"rsbtn_right rsimg rsplay rspart\"><\/span><\/a><\/div>\n<div id=\"rspeak_read_10537\"> De acuerdo con el art\u00edculo 10 de la Ley 34\/2002, de 11 de julio, de Servicios de la Sociedad de la Informaci\u00f3n y de Comercio Electr\u00f3nico ponemos a su disposici\u00f3n los siguientes datos: FEVAS PLENA INCLUSI\u00d3N EUSKADI est\u00e1 domiciliada en la calle\u00a0Col\u00f3n de Larreategui, 26 Bajo C \u2013 48009 Bilbao, Telf. 944 211 476 [&hellip;]<\/div>\n","protected":false},"author":1,"featured_media":0,"parent":0,"menu_order":0,"comment_status":"closed","ping_status":"closed","template":"","meta":{"footnotes":""},"class_list":["post-10537","page","type-page","status-publish","hentry"],"acf":[],"yoast_head":"<!-- This site is optimized with the Yoast SEO plugin v21.9.1 - https:\/\/yoast.com\/wordpress\/plugins\/seo\/ -->\n<title>FEVAS Plena inclusi\u00f3n Euskadi |<\/title>\n<meta name=\"description\" content=\"De acuerdo con el art\u00edculo 10 de la Ley 34\/2002, de 11 de julio, de Servicios de la Sociedad de la Informaci\u00f3n y de Comercio Electr\u00f3nico ponemos a su\" \/>\n<meta name=\"robots\" content=\"index, follow, max-snippet:-1, max-image-preview:large, max-video-preview:-1\" \/>\n<link rel=\"canonical\" href=\"https:\/\/fevas.org\/eu\/legala\/\" \/>\n<meta property=\"og:locale\" content=\"eu_ES\" \/>\n<meta property=\"og:type\" content=\"article\" \/>\n<meta property=\"og:title\" content=\"FEVAS Plena inclusi\u00f3n Euskadi |\" \/>\n<meta property=\"og:description\" content=\"De acuerdo con el art\u00edculo 10 de la Ley 34\/2002, de 11 de julio, de Servicios de la Sociedad de la Informaci\u00f3n y de Comercio Electr\u00f3nico ponemos a su\" \/>\n<meta property=\"og:url\" content=\"https:\/\/fevas.org\/eu\/legala\/\" \/>\n<meta property=\"og:site_name\" content=\"FEVAS Plena inclusi\u00f3n Euskadi\" \/>\n<meta property=\"article:modified_time\" content=\"2025-12-09T11:44:59+00:00\" \/>\n<meta name=\"twitter:card\" content=\"summary_large_image\" \/>\n<meta name=\"twitter:label1\" content=\"Est. reading time\" \/>\n\t<meta name=\"twitter:data1\" content=\"6 minutes\" \/>\n<script type=\"application\/ld+json\" class=\"yoast-schema-graph\">{\"@context\":\"https:\/\/schema.org\",\"@graph\":[{\"@type\":\"WebPage\",\"@id\":\"https:\/\/fevas.org\/eu\/legala\/\",\"url\":\"https:\/\/fevas.org\/eu\/legala\/\",\"name\":\"FEVAS Plena inclusi\u00f3n Euskadi |\",\"isPartOf\":{\"@id\":\"https:\/\/fevas.org\/#website\"},\"datePublished\":\"2024-01-30T11:47:21+00:00\",\"dateModified\":\"2025-12-09T11:44:59+00:00\",\"description\":\"De acuerdo con el art\u00edculo 10 de la Ley 34\/2002, de 11 de julio, de Servicios de la Sociedad de la Informaci\u00f3n y de Comercio Electr\u00f3nico ponemos a su\",\"breadcrumb\":{\"@id\":\"https:\/\/fevas.org\/eu\/legala\/#breadcrumb\"},\"inLanguage\":\"eu-ES\",\"potentialAction\":[{\"@type\":\"ReadAction\",\"target\":[\"https:\/\/fevas.org\/eu\/legala\/\"]}]},{\"@type\":\"BreadcrumbList\",\"@id\":\"https:\/\/fevas.org\/eu\/legala\/#breadcrumb\",\"itemListElement\":[{\"@type\":\"ListItem\",\"position\":1,\"name\":\"Inicio\",\"item\":\"https:\/\/fevas.org\/\"},{\"@type\":\"ListItem\",\"position\":2,\"name\":\"Aviso Legal\"}]},{\"@type\":\"WebSite\",\"@id\":\"https:\/\/fevas.org\/#website\",\"url\":\"https:\/\/fevas.org\/\",\"name\":\"FEVAS Plena inclusi\u00f3n Euskadi\",\"description\":\"Somos una asociaci\u00f3n de entidades que trabaja por los derechos de las personas con discapacidad intelectual o del desarrollo y de sus familias\",\"publisher\":{\"@id\":\"https:\/\/fevas.org\/#organization\"},\"potentialAction\":[{\"@type\":\"SearchAction\",\"target\":{\"@type\":\"EntryPoint\",\"urlTemplate\":\"https:\/\/fevas.org\/?s={search_term_string}\"},\"query-input\":\"required name=search_term_string\"}],\"inLanguage\":\"eu-ES\"},{\"@type\":\"Organization\",\"@id\":\"https:\/\/fevas.org\/#organization\",\"name\":\"FEVAS\",\"url\":\"https:\/\/fevas.org\/\",\"logo\":{\"@type\":\"ImageObject\",\"inLanguage\":\"eu-ES\",\"@id\":\"https:\/\/fevas.org\/#\/schema\/logo\/image\/\",\"url\":\"https:\/\/fevas.org\/wp-content\/uploads\/2024\/01\/fevas-logo.png\",\"contentUrl\":\"https:\/\/fevas.org\/wp-content\/uploads\/2024\/01\/fevas-logo.png\",\"width\":193,\"height\":162,\"caption\":\"FEVAS\"},\"image\":{\"@id\":\"https:\/\/fevas.org\/#\/schema\/logo\/image\/\"}}]}<\/script>\n<!-- \/ Yoast SEO plugin. -->","yoast_head_json":{"title":"FEVAS Plena inclusi\u00f3n Euskadi |","description":"De acuerdo con el art\u00edculo 10 de la Ley 34\/2002, de 11 de julio, de Servicios de la Sociedad de la Informaci\u00f3n y de Comercio Electr\u00f3nico ponemos a su","robots":{"index":"index","follow":"follow","max-snippet":"max-snippet:-1","max-image-preview":"max-image-preview:large","max-video-preview":"max-video-preview:-1"},"canonical":"https:\/\/fevas.org\/eu\/legala\/","og_locale":"eu_ES","og_type":"article","og_title":"FEVAS Plena inclusi\u00f3n Euskadi |","og_description":"De acuerdo con el art\u00edculo 10 de la Ley 34\/2002, de 11 de julio, de Servicios de la Sociedad de la Informaci\u00f3n y de Comercio Electr\u00f3nico ponemos a su","og_url":"https:\/\/fevas.org\/eu\/legala\/","og_site_name":"FEVAS Plena inclusi\u00f3n Euskadi","article_modified_time":"2025-12-09T11:44:59+00:00","twitter_card":"summary_large_image","twitter_misc":{"Est. reading time":"6 minutes"},"schema":{"@context":"https:\/\/schema.org","@graph":[{"@type":"WebPage","@id":"https:\/\/fevas.org\/eu\/legala\/","url":"https:\/\/fevas.org\/eu\/legala\/","name":"FEVAS Plena inclusi\u00f3n Euskadi |","isPartOf":{"@id":"https:\/\/fevas.org\/#website"},"datePublished":"2024-01-30T11:47:21+00:00","dateModified":"2025-12-09T11:44:59+00:00","description":"De acuerdo con el art\u00edculo 10 de la Ley 34\/2002, de 11 de julio, de Servicios de la Sociedad de la Informaci\u00f3n y de Comercio Electr\u00f3nico ponemos a su","breadcrumb":{"@id":"https:\/\/fevas.org\/eu\/legala\/#breadcrumb"},"inLanguage":"eu-ES","potentialAction":[{"@type":"ReadAction","target":["https:\/\/fevas.org\/eu\/legala\/"]}]},{"@type":"BreadcrumbList","@id":"https:\/\/fevas.org\/eu\/legala\/#breadcrumb","itemListElement":[{"@type":"ListItem","position":1,"name":"Inicio","item":"https:\/\/fevas.org\/"},{"@type":"ListItem","position":2,"name":"Aviso Legal"}]},{"@type":"WebSite","@id":"https:\/\/fevas.org\/#website","url":"https:\/\/fevas.org\/","name":"FEVAS Plena inclusi\u00f3n Euskadi","description":"Somos una asociaci\u00f3n de entidades que trabaja por los derechos de las personas con discapacidad intelectual o del desarrollo y de sus familias","publisher":{"@id":"https:\/\/fevas.org\/#organization"},"potentialAction":[{"@type":"SearchAction","target":{"@type":"EntryPoint","urlTemplate":"https:\/\/fevas.org\/?s={search_term_string}"},"query-input":"required name=search_term_string"}],"inLanguage":"eu-ES"},{"@type":"Organization","@id":"https:\/\/fevas.org\/#organization","name":"FEVAS","url":"https:\/\/fevas.org\/","logo":{"@type":"ImageObject","inLanguage":"eu-ES","@id":"https:\/\/fevas.org\/#\/schema\/logo\/image\/","url":"https:\/\/fevas.org\/wp-content\/uploads\/2024\/01\/fevas-logo.png","contentUrl":"https:\/\/fevas.org\/wp-content\/uploads\/2024\/01\/fevas-logo.png","width":193,"height":162,"caption":"FEVAS"},"image":{"@id":"https:\/\/fevas.org\/#\/schema\/logo\/image\/"}}]}},"_links":{"self":[{"href":"https:\/\/fevas.org\/eu\/wp-json\/wp\/v2\/pages\/10537","targetHints":{"allow":["GET"]}}],"collection":[{"href":"https:\/\/fevas.org\/eu\/wp-json\/wp\/v2\/pages"}],"about":[{"href":"https:\/\/fevas.org\/eu\/wp-json\/wp\/v2\/types\/page"}],"author":[{"embeddable":true,"href":"https:\/\/fevas.org\/eu\/wp-json\/wp\/v2\/users\/1"}],"replies":[{"embeddable":true,"href":"https:\/\/fevas.org\/eu\/wp-json\/wp\/v2\/comments?post=10537"}],"version-history":[{"count":6,"href":"https:\/\/fevas.org\/eu\/wp-json\/wp\/v2\/pages\/10537\/revisions"}],"predecessor-version":[{"id":15441,"href":"https:\/\/fevas.org\/eu\/wp-json\/wp\/v2\/pages\/10537\/revisions\/15441"}],"wp:attachment":[{"href":"https:\/\/fevas.org\/eu\/wp-json\/wp\/v2\/media?parent=10537"}],"curies":[{"name":"wp","href":"https:\/\/api.w.org\/{rel}","templated":true}]}}